{"id":2594,"date":"2017-12-31T10:47:37","date_gmt":"2017-12-31T15:47:37","guid":{"rendered":"https:\/\/linbec.com\/?page_id=2594"},"modified":"2018-06-04T12:22:17","modified_gmt":"2018-06-04T16:22:17","slug":"accueil","status":"publish","type":"page","link":"https:\/\/linbec.com\/?page_id=2594&lang=fr","title":{"rendered":"Accueil"},"content":{"rendered":"<section id=\"section_0\" class=\"section  defaul section-border-no section-padding-default remove-bottom-padding-no section-fixed-background-yes  section-bgtype-stretch\"><div class=\"container\"><div class=\"row-fluid\">\n\t<h2 class=\"title textcenter default textDefault\" style=\"margin-bottom:10px\"><span>Nous specialisons en<\/span>\n\t<\/h2>\n\n\t<h2 class=\"title textcenter style1 textuppercase\" style=\"margin-bottom:20px\"><span>assurant la satisfaction de nos clients<\/span>\n\t<\/h2>\n<style type='text\/css'>\r\n\t            #gap_1 {\r\n\t\t\t\t\theight : 20px;\r\n\t\t\t\t\tline-height : 20px;\r\n\t\t\t\t}\r\n\t\t\t\t<\/style><div id=\"gap_1\" class=\"gap\" ><\/div>\n\n\t<div class=\"row-fluid bottom-padding-yes \">\n\t\t\n\t<div class=\"span8\">\n\t\t<div class=\"inner-content\">\n\t\t\t\n\t<div class=\"column-text\">\n\t\tEn tant que groupeur de fret et de logistique, nous offrons \u00e0 nos clients un ensemble de solutions de fret personnalis\u00e9es. Si vous recherchez des services de fret internationaux, tels que; le fret maritime, le fret a\u00e9rien ou les services multimodaux ou si vos besoins sont plus locaux, tels que; des solutions locales d&#8217;entreposage et de livraison, vous pouvez compter sur Linbec pour vous fournir un plan efficace et rentable adapt\u00e9 \u00e0 vos besoins sp\u00e9cifiques.<\/p>\n<p>Notre \u00e9quipe de sp\u00e9cialiste en camionnage et de la logistique vous aidera \u00e0 coordonner tous vos d\u00e9placements au Canada, aux \u00c9tats-Unis et au Mexique. Nos r\u00e9seaux de transporteurs nous donnent la flexibilit\u00e9 et la capacit\u00e9 de toujours trouver les meilleures voies et tarifs pour nos clients, quels que soient leurs besoins en camionnage.\n\t<\/div> <style type='text\/css'>\r\n\t            #gap_2 {\r\n\t\t\t\t\theight : 20px;\r\n\t\t\t\t\tline-height : 20px;\r\n\t\t\t\t}\r\n\t\t\t\t<\/style><div id=\"gap_2\" class=\"gap\" ><\/div>\n\n\t<div class=\"row-fluid inner-row bottom-padding-no \">\n\t\t\n\t<div class=\"span6\">\n\t\t<div class=\"inner-content\">\n\t\t\t\n\t<div class=\"column-text\">\n\t\t\n<p style=\"font-weight: bold;\">Nos services comprennent::<\/p>\n<div class=\"column-text\">\n<ul class=\"styled-list style1\">\n<li><i class=\"icon-arrow-right6\"><\/i>Camionnage &#8211; \u00c9tats-Unis-Canada-Mexique \u2013 LTL ou FTL<\/li>\n<li><i class=\"icon-arrow-right6\"><\/i>Intermodal &#8211; \u00c9tats-Unis-Canada-Mexique<\/li>\n<li><i class=\"icon-arrow-right6\"><\/i>Fret maritime Import et export<\/li>\n<li><i class=\"icon-arrow-right6\"><\/i>AFret a\u00e9rien: Import et export<\/li>\n<li><i class=\"icon-arrow-right6\"><\/i>Courtage en douanes<\/li>\n<li><i class=\"icon-arrow-right6\"><\/i>Entreposage (court et long terme))<\/li>\n<li><i class=\"icon-arrow-right6\"><\/i>Services locaux de camionnage et de livraison<\/li>\n<li><i class=\"icon-arrow-right6\"><\/i>Service de contr\u00f4le de la qualit\u00e9<\/li>\n<\/ul>\n<\/div>\n\n\t<\/div> \n\t\t<\/div> \n\t<\/div> \n\n\t<div class=\"span6\">\n\t\t<div class=\"inner-content\">\n\t\t\t<style type='text\/css'>\r\n\t            #gap_3 {\r\n\t\t\t\t\theight : 40px;\r\n\t\t\t\t\tline-height : 40px;\r\n\t\t\t\t}\r\n\t\t\t\t<\/style><div id=\"gap_3\" class=\"gap\" ><\/div>\n\n\t<div class=\"column-text\">\n\t\t\n<div class=\"column-text\">\n<ul class=\"styled-list style1\">\n<li><i class=\"icon-arrow-right6\"><\/i>Services d&#8217;exportation (commercial et personnel)<\/li>\n<li><i class=\"icon-arrow-right6\"><\/i>Transport sous-douane au Canada, aux \u00c9tats-Unis ou au Mexique<\/li>\n<li><i class=\"icon-arrow-right6\"><\/i>Services de documentation<\/li>\n<li><i class=\"icon-arrow-right6\"><\/i>Services de suivi en ligne<\/li>\n<li><i class=\"icon-arrow-right6\"><\/i>Services de consultation<\/li>\n<li><i class=\"icon-arrow-right6\"><\/i>Services de consultation<\/li>\n<\/ul>\n<\/div>\n\n\t<\/div> \n\t\t<\/div> \n\t<\/div> \n\n\t<\/div>\n\t\t<\/div> \n\t<\/div> \n\n\t<div class=\"span4 col_login\">\n\t\t<div class=\"inner-content\">\n\t\t\t\n\t<div class=\"raw-code  raw-html\">\n\t\t<div class=\"code-wrapper\">\n\t\t\t<span id=\"frmLogin\">&nbsp;<\/span>\n\t\t<\/div> \n\t<\/div> \n\t<h3 class=\"title textcenter style2 textDefault\" style=\"margin-bottom:20px\"><span>Log In<\/span>\n\t<\/h3>\n\n\t<div class=\"column-text\">\n\t\t\n<p>Suivez vos envois instantan\u00e9ment en ligne. Connectez-vous ci-dessous pour voir les derni\u00e8res mises \u00e0 jour de vos envois.<\/p>\n\n\t<\/div> <style type='text\/css'>\r\n\t            #gap_4 {\r\n\t\t\t\t\theight : 20px;\r\n\t\t\t\t\tline-height : 20px;\r\n\t\t\t\t}\r\n\t\t\t\t<\/style><div id=\"gap_4\" class=\"gap\" ><\/div>\n\n\t<div class=\"column-text frmLogin\">\n\t\t\n<form action=\"\/user_login.php\" method=\"post\">\n<table>\n<tbody>\n<tr>\n<td>Username:<\/td>\n<td><input name=\"username\" type=\"text\" \/><\/td>\n<\/tr>\n<tr>\n<td>Password:<\/td>\n<td><input name=\"password\" type=\"password\" \/><\/td>\n<\/tr>\n<\/tbody>\n<\/table>\n<p><input name=\"submit\" type=\"submit\" value=\"LOG IN\" \/><\/p>\n<\/form>\n\n\t<\/div> \n\t\t<\/div> \n\t<\/div> \n\n\t<\/div><div class=\"separator_text clearfix style2\"><div class=\"big-title extra-large-text-no\"><div><span>Notre Objectif:<\/span><\/div><\/div><p class=\"center\">\n<p style=\"font-size: 20px; text-transform: uppercase; font-family: My Font One,Open Sans,sans-serif; line-height: 30px;\">FOURNIR \u00c0 NOS CLIENTS DES SOLUTIONS DE TRANSPORT SANS SOUCIS EN LEUR DONNANT SIMULTAN\u00c9MENT UN SERVICE \u00c0 LA CLIENT\u00c8LE EXCEPTIONNEL ET DES LIVRAISONS EN TEMPS PROMIS POUR TOUTES LEURS EXP\u00c9DITIONS<\/p>\n<\/p><\/div>\n\n\t<div class=\"row-fluid bottom-padding-yes \">\n\t\t\n\t<div class=\"span6\">\n\t\t<div class=\"inner-content\">\n\t\t\t\n\t<div class=\"single-image  hoverlay\" data-animation-delay=\"100\" data-animation-effect=\"\">\n\t\t<img width=\"980\" height=\"447\" src=\"https:\/\/linbec.com\/wp-content\/uploads\/2014\/06\/employee.jpg\" class=\"attachment- size-\" alt=\"\" decoding=\"async\" loading=\"lazy\" \/>\n\t<\/div> \n\t\t<\/div> \n\t<\/div> \n\n\t<div class=\"span6\">\n\t\t<div class=\"inner-content\">\n\t\t\t\n\t<div class=\"column-text\">\n\t\tNotre personnel traite chaque exp\u00e9dition avec soin et professionnalisme. Chaque livraison est surveill\u00e9e \u00e0 partir du d\u00e9part jusqu&#8217;\u00e0 la livraison final.<\/p>\n<p>Et, Maintenant vous pouvez faire vos suivis en ligne avec linbec :<\/p>\n<p>Si vous \u00eates d\u00e9j\u00e0 client, vous pouvez faire le suivi de vos exp\u00e9ditions en ligne. Simplement allez \u00e0 www.linbec.com et suivez les instructions \u00e0 l&#8217;\u00e9cran. Notre portail de suivi vous guidera vers les informations les plus \u00e0 jour disponibles pour vos envois.<\/p>\n<p>Si vous n&#8217;\u00eates pas client, qu&#8217;attendez-vous? Appelez-nous et, ensemble, nous pouvons cr\u00e9er un ensemble complet de solutions de fret pour votre entreprise.\n\t<\/div> \n\t\t<\/div> \n\t<\/div> \n\n\t<\/div>\n\t<div class=\"callout-container\"><div class=\"callout style1 shadow-no button-position-right\"  style=\"background-color:#ffffff;\"><div class=\"callout-content\"><a class=\"button  button_default button_default\" href=\"\/?page_id=9\"> <i class=\"icon-chat\"><\/i>Contact Us<\/a><h3>Contactez-nous pour prendre rendez-vous. Ensemble, nous pouvons cr\u00e9er un ensemble complet de solutions de fret pour votre entreprise.<\/h3>\n\t\t<p>\n<\/p>\n\t<\/div><\/div><\/div>\n<style type='text\/css'>\r\n\t            #gap_5 {\r\n\t\t\t\t\theight : 30px;\r\n\t\t\t\t\tline-height : 30px;\r\n\t\t\t\t}\r\n\t\t\t\t<\/style><div id=\"gap_5\" class=\"gap\" ><\/div>\n<div class=\"separator_text clearfix style2\"><div class=\"big-title extra-large-text-no\"><div><span>Bienvenue \u00e0 LINBEC. <\/span><\/div><\/div><p class=\"left\">\n<\/p><\/div>\n\n\t<div class=\"column-textanimate-when-visible animate-only-box\">\n\t\t\n<p style=\"text-align: center; font-size: 18px;\">Linbec &#8211; Freight Forwarding. Forward Thinking<\/p>\n\n\t<\/div> <\/div><\/div><\/section>\n","protected":false},"excerpt":{"rendered":"Nous specialisons en assurant la satisfaction de nos clients #gap_6 { height : 20px; line-height : 20px; } En tant que groupeur de fret et de logistique, nous offrons \u00e0 nos clients un ensemble de solutions de fret personnalis\u00e9es. Si [...]","protected":false},"author":39273,"featured_media":0,"parent":0,"menu_order":0,"comment_status":"closed","ping_status":"closed","template":"","meta":[],"_links":{"self":[{"href":"https:\/\/linbec.com\/index.php?rest_route=\/wp\/v2\/pages\/2594"}],"collection":[{"href":"https:\/\/linbec.com\/index.php?rest_route=\/wp\/v2\/pages"}],"about":[{"href":"https:\/\/linbec.com\/index.php?rest_route=\/wp\/v2\/types\/page"}],"author":[{"embeddable":true,"href":"https:\/\/linbec.com\/index.php?rest_route=\/wp\/v2\/users\/39273"}],"replies":[{"embeddable":true,"href":"https:\/\/linbec.com\/index.php?rest_route=%2Fwp%2Fv2%2Fcomments&post=2594"}],"version-history":[{"count":9,"href":"https:\/\/linbec.com\/index.php?rest_route=\/wp\/v2\/pages\/2594\/revisions"}],"predecessor-version":[{"id":2612,"href":"https:\/\/linbec.com\/index.php?rest_route=\/wp\/v2\/pages\/2594\/revisions\/2612"}],"wp:attachment":[{"href":"https:\/\/linbec.com\/index.php?rest_route=%2Fwp%2Fv2%2Fmedia&parent=2594"}],"curies":[{"name":"wp","href":"https:\/\/api.w.org\/{rel}","templated":true}]}}