{"id":2601,"date":"2017-12-31T11:04:51","date_gmt":"2017-12-31T16:04:51","guid":{"rendered":"https:\/\/linbec.com\/?page_id=2601"},"modified":"2018-01-23T15:26:33","modified_gmt":"2018-01-23T20:26:33","slug":"a-propos","status":"publish","type":"page","link":"https:\/\/linbec.com\/?page_id=2601&lang=fr","title":{"rendered":"A Propos"},"content":{"rendered":"<section id=\"section_0\" class=\"section  defaul section-border-no section-padding-default remove-bottom-padding-no section-fixed-background-yes  section-bgtype-stretch\"><div class=\"container\"><div class=\"row-fluid\"><div class=\"separator_text clearfix style2\"><div class=\"big-title extra-large-text-no\"><div><span>Assurer votre confiance en nous est notre priorit\u00e9<\/span><\/div><\/div><p class=\"left\">\n<\/p><\/div>\n\n\t<div class=\"row-fluid bottom-padding-yes \">\n\t\t\n\t<div class=\"span6\">\n\t\t<div class=\"inner-content\">\n\t\t\t\n\t<div class=\"single-image  hoverlay\" data-animation-delay=\"100\" data-animation-effect=\"\">\n\t\t<img width=\"500\" height=\"334\" src=\"https:\/\/linbec.com\/wp-content\/uploads\/2014\/06\/help.jpg\" class=\"attachment- size-\" alt=\"\" decoding=\"async\" loading=\"lazy\" \/>\n\t<\/div> \n\t\t<\/div> \n\t<\/div> \n\n\t<div class=\"span6\">\n\t\t<div class=\"inner-content\">\n\t\t\t\n\t<div class=\"column-text\">\n\t\t\n<p>\u00c9tablie \u00e0 Montr\u00e9al en 2007, Linbec est un groupeur de fret et logistique orienter au service \u00e0 la client\u00e8le et a des prix et des service comp\u00e9titives.<\/p>\n<p>Notre r\u00e9putation de service exceptionnel comprend le suivi de tous vos exp\u00e9ditions en d\u00e9tail et de vous garder a-date avec chaque \u00e9tape de vos exp\u00e9ditions. Et, encore plus important, de vous donner la tranquillit\u00e9 d&#8217;esprit en sachant qu\u2019un professionnel de transport surveille tous vos commandes.<\/p>\n<p>Notre objectif est de devenir un \u00e9l\u00e9ment essentiel de votre d\u00e9partement de traffic et de les aider \u00e0 d\u00e9velopper des strat\u00e9gies innovantes pour g\u00e9rer leurs besoins d&#8217;importation, d&#8217;exportation et de transport local de mani\u00e8re efficace et rentable.<\/p>\n<p>Contactez-nous pour savoir comment nous pouvons vous aider.<\/p>\n<p>&nbsp;<\/p>\n<p>Bienvenue \u00e0 Linbec. Que peut-on faire pour vous aider aujourd&#8217;hui?<\/p>\n\n\t<\/div> \n\t<div class=\"callout-container\"><div class=\"callout style1 shadow-no button-position-right\"  style=\"background-color:#ffffff;\"><div class=\"callout-content\"><a class=\"button  button_default button_default\" href=\"\/?page_id=9\">Contact Us<\/a><h3>Contactez-nous pour savoir comment nous pouvons vous aider<\/h3>\n\t\t<p>\n<p>Bienvenue \u00e0 Linbec. Que peut-on faire pour vous aider aujourd&#8217;hui?<\/p>\n<\/p>\n\t<\/div><\/div><\/div>\n\n\t\t<\/div> \n\t<\/div> \n\n\t<\/div><style type='text\/css'>\r\n\t            #gap_1 {\r\n\t\t\t\t\theight : 20px;\r\n\t\t\t\t\tline-height : 20px;\r\n\t\t\t\t}\r\n\t\t\t\t<\/style><div id=\"gap_1\" class=\"gap\" ><\/div>\n<\/div><\/div><\/section>\n","protected":false},"excerpt":{"rendered":"Assurer votre confiance en nous est notre priorit\u00e9 \u00c9tablie \u00e0 Montr\u00e9al en 2007, Linbec est un groupeur de fret et logistique orienter au service \u00e0 la client\u00e8le et a des prix et des service comp\u00e9titives. Notre r\u00e9putation de service exceptionnel [...]","protected":false},"author":39273,"featured_media":0,"parent":0,"menu_order":0,"comment_status":"closed","ping_status":"closed","template":"","meta":[],"_links":{"self":[{"href":"https:\/\/linbec.com\/index.php?rest_route=\/wp\/v2\/pages\/2601"}],"collection":[{"href":"https:\/\/linbec.com\/index.php?rest_route=\/wp\/v2\/pages"}],"about":[{"href":"https:\/\/linbec.com\/index.php?rest_route=\/wp\/v2\/types\/page"}],"author":[{"embeddable":true,"href":"https:\/\/linbec.com\/index.php?rest_route=\/wp\/v2\/users\/39273"}],"replies":[{"embeddable":true,"href":"https:\/\/linbec.com\/index.php?rest_route=%2Fwp%2Fv2%2Fcomments&post=2601"}],"version-history":[{"count":7,"href":"https:\/\/linbec.com\/index.php?rest_route=\/wp\/v2\/pages\/2601\/revisions"}],"predecessor-version":[{"id":2695,"href":"https:\/\/linbec.com\/index.php?rest_route=\/wp\/v2\/pages\/2601\/revisions\/2695"}],"wp:attachment":[{"href":"https:\/\/linbec.com\/index.php?rest_route=%2Fwp%2Fv2%2Fmedia&parent=2601"}],"curies":[{"name":"wp","href":"https:\/\/api.w.org\/{rel}","templated":true}]}}